{"id":1016,"date":"2025-06-22T07:38:36","date_gmt":"2025-06-22T07:38:36","guid":{"rendered":"https:\/\/hkmkt.group\/company\/?page_id=1016"},"modified":"2025-06-22T08:06:44","modified_gmt":"2025-06-22T08:06:44","slug":"casos-de-exito","status":"publish","type":"page","link":"https:\/\/hkmkt.group\/company\/es\/casos-de-exito\/","title":{"rendered":"Casos de \u00c9xito"},"content":{"rendered":"\t\t<div data-elementor-type=\"wp-page\" data-elementor-id=\"1016\" class=\"elementor elementor-1016\" data-elementor-post-type=\"page\">\n\t\t\t\t<div class=\"elementor-element elementor-element-1989dbe e-con-full e-flex e-con e-parent\" data-id=\"1989dbe\" data-element_type=\"container\" data-e-type=\"container\" data-settings=\"{&quot;background_background&quot;:&quot;classic&quot;}\">\n\t\t<div class=\"elementor-element elementor-element-5f70b2d e-con-full e-flex e-con e-child\" data-id=\"5f70b2d\" data-element_type=\"container\" data-e-type=\"container\" data-settings=\"{&quot;background_background&quot;:&quot;classic&quot;}\">\n\t\t\t\t<div class=\"elementor-element elementor-element-e0c37d4 elementor-widget elementor-widget-spacer\" data-id=\"e0c37d4\" data-element_type=\"widget\" data-e-type=\"widget\" data-widget_type=\"spacer.default\">\n\t\t\t\t<div class=\"elementor-widget-container\">\n\t\t\t\t\t\t\t<div class=\"elementor-spacer\">\n\t\t\t<div class=\"elementor-spacer-inner\"><\/div>\n\t\t<\/div>\n\t\t\t\t\t\t<\/div>\n\t\t\t\t<\/div>\n\t\t\t\t<\/div>\n\t\t<div class=\"elementor-element elementor-element-16dae95 e-con-full e-flex e-con e-child\" data-id=\"16dae95\" data-element_type=\"container\" data-e-type=\"container\" data-settings=\"{&quot;background_background&quot;:&quot;classic&quot;}\">\n\t\t\t\t<div class=\"elementor-element elementor-element-0f3d79f elementor-invisible elementor-widget elementor-widget-heading\" data-id=\"0f3d79f\" data-element_type=\"widget\" data-e-type=\"widget\" data-settings=\"{&quot;_animation&quot;:&quot;fadeInUp&quot;}\" data-widget_type=\"heading.default\">\n\t\t\t\t<div class=\"elementor-widget-container\">\n\t\t\t\t\t<h1 class=\"elementor-heading-title elementor-size-default\">Casos de \u00e9xito<\/h1>\t\t\t\t<\/div>\n\t\t\t\t<\/div>\n\t\t\t\t<\/div>\n\t\t\t\t<\/div>\n\t\t<div class=\"elementor-element elementor-element-76868e5 e-flex e-con-boxed e-con e-parent\" data-id=\"76868e5\" data-element_type=\"container\" data-e-type=\"container\">\n\t\t\t\t\t<div class=\"e-con-inner\">\n\t\t<div class=\"elementor-element elementor-element-11175cd e-con-full e-flex e-con e-child\" data-id=\"11175cd\" data-element_type=\"container\" data-e-type=\"container\" data-settings=\"{&quot;background_background&quot;:&quot;classic&quot;}\">\n\t\t\t\t<\/div>\n\t\t<div class=\"elementor-element elementor-element-440a1bd e-con-full e-flex e-con e-child\" data-id=\"440a1bd\" data-element_type=\"container\" data-e-type=\"container\">\n\t\t\t\t<div class=\"elementor-element elementor-element-f7e352c elementor-widget elementor-widget-heading\" data-id=\"f7e352c\" data-element_type=\"widget\" data-e-type=\"widget\" data-widget_type=\"heading.default\">\n\t\t\t\t<div class=\"elementor-widget-container\">\n\t\t\t\t\t<h2 class=\"elementor-heading-title elementor-size-default\">Esto es lo que hacemos.<\/h2>\t\t\t\t<\/div>\n\t\t\t\t<\/div>\n\t\t\t\t<div class=\"elementor-element elementor-element-ef17c6b elementor-widget elementor-widget-text-editor\" data-id=\"ef17c6b\" data-element_type=\"widget\" data-e-type=\"widget\" data-widget_type=\"text-editor.default\">\n\t\t\t\t<div class=\"elementor-widget-container\">\n\t\t\t\t\t\t\t\t\t<p>Cada activaci\u00f3n es m\u00e1s que un trabajo: es un momento que hace avanzar a la marca.<\/p>\t\t\t\t\t\t\t\t<\/div>\n\t\t\t\t<\/div>\n\t\t\t\t<div class=\"elementor-element elementor-element-a769377 elementor-widget-divider--view-line elementor-widget elementor-widget-divider\" data-id=\"a769377\" data-element_type=\"widget\" data-e-type=\"widget\" data-widget_type=\"divider.default\">\n\t\t\t\t<div class=\"elementor-widget-container\">\n\t\t\t\t\t\t\t<div class=\"elementor-divider\">\n\t\t\t<span class=\"elementor-divider-separator\">\n\t\t\t\t\t\t<\/span>\n\t\t<\/div>\n\t\t\t\t\t\t<\/div>\n\t\t\t\t<\/div>\n\t\t\t\t<div class=\"elementor-element elementor-element-4dd23e0 elementor-widget elementor-widget-text-editor\" data-id=\"4dd23e0\" data-element_type=\"widget\" data-e-type=\"widget\" data-widget_type=\"text-editor.default\">\n\t\t\t\t<div class=\"elementor-widget-container\">\n\t\t\t\t\t\t\t\t\t<p>En HK MKT Group creamos experiencias que hacen que las marcas sean inolvidables. He aqu\u00ed un vistazo a los trabajos que hemos realizado y a los resultados que hablan por s\u00ed solos.<\/p>\t\t\t\t\t\t\t\t<\/div>\n\t\t\t\t<\/div>\n\t\t\t\t<\/div>\n\t\t\t\t\t<\/div>\n\t\t\t\t<\/div>\n\t\t<div class=\"elementor-element elementor-element-8489c2d e-flex e-con-boxed e-con e-parent\" data-id=\"8489c2d\" data-element_type=\"container\" data-e-type=\"container\" data-settings=\"{&quot;background_background&quot;:&quot;classic&quot;}\">\n\t\t\t\t\t<div class=\"e-con-inner\">\n\t\t<div class=\"elementor-element elementor-element-ba48aa3 e-con-full e-flex e-con e-child\" data-id=\"ba48aa3\" data-element_type=\"container\" data-e-type=\"container\">\n\t\t<div class=\"elementor-element elementor-element-1ed6904 e-con-full e-flex e-con e-child\" data-id=\"1ed6904\" data-element_type=\"container\" data-e-type=\"container\">\n\t\t<div class=\"elementor-element elementor-element-bd1cfc3 e-con-full e-flex e-con e-child\" data-id=\"bd1cfc3\" data-element_type=\"container\" data-e-type=\"container\">\n\t\t\t\t<div class=\"elementor-element elementor-element-675e7f8 elementor-widget elementor-widget-heading\" data-id=\"675e7f8\" data-element_type=\"widget\" data-e-type=\"widget\" data-widget_type=\"heading.default\">\n\t\t\t\t<div class=\"elementor-widget-container\">\n\t\t\t\t\t<h2 class=\"elementor-heading-title elementor-size-default\">Nuestro trabajo en acci\u00f3n<\/h2>\t\t\t\t<\/div>\n\t\t\t\t<\/div>\n\t\t\t\t<div class=\"elementor-element elementor-element-2b2217e elementor-widget elementor-widget-text-editor\" data-id=\"2b2217e\" data-element_type=\"widget\" data-e-type=\"widget\" data-widget_type=\"text-editor.default\">\n\t\t\t\t<div class=\"elementor-widget-container\">\n\t\t\t\t\t\t\t\t\t<p>Descubra algunas de nuestras \u00faltimas experiencias de marca, desde activaciones de gran impacto hasta degustaciones y eventos que marcaron la diferencia.<br \/>Cada proyecto es una historia de estrategia, creatividad y ejecuci\u00f3n impecable.<\/p>\t\t\t\t\t\t\t\t<\/div>\n\t\t\t\t<\/div>\n\t\t\t\t<\/div>\n\t\t<div class=\"elementor-element elementor-element-5503203 e-con-full e-flex e-con e-child\" data-id=\"5503203\" data-element_type=\"container\" data-e-type=\"container\">\n\t\t\t\t<\/div>\n\t\t\t\t<\/div>\n\t\t<div class=\"elementor-element elementor-element-2e58cea e-con-full e-flex e-con e-child\" data-id=\"2e58cea\" data-element_type=\"container\" data-e-type=\"container\">\n\t\t\t\t<div class=\"elementor-element elementor-element-0318667 elementor-widget elementor-widget-loop-carousel\" data-id=\"0318667\" data-element_type=\"widget\" data-e-type=\"widget\" data-settings=\"{&quot;template_id&quot;:&quot;1025&quot;,&quot;_skin&quot;:&quot;post&quot;,&quot;slides_to_show&quot;:&quot;3&quot;,&quot;slides_to_show_tablet&quot;:&quot;2&quot;,&quot;slides_to_show_mobile&quot;:&quot;1&quot;,&quot;slides_to_scroll&quot;:&quot;1&quot;,&quot;edit_handle_selector&quot;:&quot;.elementor-loop-container&quot;,&quot;autoplay&quot;:&quot;yes&quot;,&quot;autoplay_speed&quot;:5000,&quot;pause_on_hover&quot;:&quot;yes&quot;,&quot;pause_on_interaction&quot;:&quot;yes&quot;,&quot;infinite&quot;:&quot;yes&quot;,&quot;speed&quot;:500,&quot;offset_sides&quot;:&quot;none&quot;,&quot;image_spacing_custom&quot;:{&quot;unit&quot;:&quot;px&quot;,&quot;size&quot;:10,&quot;sizes&quot;:[]},&quot;image_spacing_custom_tablet&quot;:{&quot;unit&quot;:&quot;px&quot;,&quot;size&quot;:&quot;&quot;,&quot;sizes&quot;:[]},&quot;image_spacing_custom_mobile&quot;:{&quot;unit&quot;:&quot;px&quot;,&quot;size&quot;:&quot;&quot;,&quot;sizes&quot;:[]}}\" data-widget_type=\"loop-carousel.post\">\n\t\t\t\t<div class=\"elementor-widget-container\">\n\t\t\t\t\t\t\t<div class=\"swiper elementor-loop-container elementor-grid\" role=\"list\" dir=\"ltr\">\n\t\t\t\t<div class=\"swiper-wrapper\" aria-live=\"off\">\n\t\t<style id=\"loop-1025\">.elementor-1025 .elementor-element.elementor-element-ebaac70{--display:flex;}.elementor-1025 .elementor-element.elementor-element-e5327a1.elementor-position-right .elementor-image-box-img{margin-left:15px;}.elementor-1025 .elementor-element.elementor-element-e5327a1.elementor-position-left .elementor-image-box-img{margin-right:15px;}.elementor-1025 .elementor-element.elementor-element-e5327a1.elementor-position-top .elementor-image-box-img{margin-bottom:15px;}.elementor-1025 .elementor-element.elementor-element-e5327a1 .elementor-image-box-wrapper .elementor-image-box-img{width:100%;}.elementor-1025 .elementor-element.elementor-element-e5327a1 .elementor-image-box-img img{transition-duration:0.3s;}.elementor-1025 .elementor-element.elementor-element-e5327a1 .elementor-image-box-title{font-size:20px;}.elementor-1025 .elementor-element.elementor-element-e5327a1 .elementor-image-box-description{font-size:15px;}@media(max-width:767px){.elementor-1025 .elementor-element.elementor-element-e5327a1 .elementor-image-box-img{margin-bottom:15px;}}<\/style>\t\t<div data-elementor-type=\"loop-item\" data-elementor-id=\"1025\" class=\"elementor elementor-1025 swiper-slide e-loop-item e-loop-item-997 post-997 portafolio type-portafolio status-publish has-post-thumbnail hentry\" data-elementor-post-type=\"elementor_library\" role=\"group\" aria-roledescription=\"slide\" data-custom-edit-handle=\"1\">\n\t\t\t<div class=\"elementor-element elementor-element-ebaac70 e-flex e-con-boxed e-con e-parent\" data-id=\"ebaac70\" data-element_type=\"container\" data-e-type=\"container\">\n\t\t\t\t\t<div class=\"e-con-inner\">\n\t\t\t\t<div class=\"elementor-element elementor-element-e5327a1 elementor-position-top elementor-widget elementor-widget-image-box\" data-id=\"e5327a1\" data-element_type=\"widget\" data-e-type=\"widget\" data-widget_type=\"image-box.default\">\n\t\t\t\t<div class=\"elementor-widget-container\">\n\t\t\t\t\t<div class=\"elementor-image-box-wrapper\"><figure class=\"elementor-image-box-img\"><a href=\"https:\/\/hkmkt.group\/company\/portafolio\/fiesta\/\" tabindex=\"-1\"><img fetchpriority=\"high\" decoding=\"async\" width=\"1536\" height=\"1024\" src=\"https:\/\/hkmkt.group\/company\/wp-content\/uploads\/2025\/06\/hk-portada-teasting-iesta.png\" class=\"attachment-full size-full wp-image-1015\" alt=\"\" srcset=\"https:\/\/hkmkt.group\/company\/wp-content\/uploads\/2025\/06\/hk-portada-teasting-iesta.png 1536w, https:\/\/hkmkt.group\/company\/wp-content\/uploads\/2025\/06\/hk-portada-teasting-iesta-300x200.png 300w, https:\/\/hkmkt.group\/company\/wp-content\/uploads\/2025\/06\/hk-portada-teasting-iesta-1024x683.png 1024w, https:\/\/hkmkt.group\/company\/wp-content\/uploads\/2025\/06\/hk-portada-teasting-iesta-768x512.png 768w\" sizes=\"(max-width: 1536px) 100vw, 1536px\" \/><\/a><\/figure><div class=\"elementor-image-box-content\"><h3 class=\"elementor-image-box-title\"><a href=\"https:\/\/hkmkt.group\/company\/portafolio\/fiesta\/\">Fiesta celebrando el regreso a clases con los estudiantes.<\/a><\/h3><p class=\"elementor-image-box-description\"><p>el dia 9 de Agosto reslizamos el evento de la mano de Fiesta de regreso a clases con mucha actividad, juegos, regalos y participacion de marcas<\/p>\n<\/p><\/div><\/div>\t\t\t\t<\/div>\n\t\t\t\t<\/div>\n\t\t\t\t\t<\/div>\n\t\t\t\t<\/div>\n\t\t\t\t<\/div>\n\t\t\t\t<div data-elementor-type=\"loop-item\" data-elementor-id=\"1025\" class=\"elementor elementor-1025 swiper-slide e-loop-item e-loop-item-1008 post-1008 portafolio type-portafolio status-publish has-post-thumbnail hentry\" data-elementor-post-type=\"elementor_library\" role=\"group\" aria-roledescription=\"slide\" data-custom-edit-handle=\"1\">\n\t\t\t<div class=\"elementor-element elementor-element-ebaac70 e-flex e-con-boxed e-con e-parent\" data-id=\"ebaac70\" data-element_type=\"container\" data-e-type=\"container\">\n\t\t\t\t\t<div class=\"e-con-inner\">\n\t\t\t\t<div class=\"elementor-element elementor-element-e5327a1 elementor-position-top elementor-widget elementor-widget-image-box\" data-id=\"e5327a1\" data-element_type=\"widget\" data-e-type=\"widget\" data-widget_type=\"image-box.default\">\n\t\t\t\t<div class=\"elementor-widget-container\">\n\t\t\t\t\t<div class=\"elementor-image-box-wrapper\"><figure class=\"elementor-image-box-img\"><a href=\"https:\/\/hkmkt.group\/company\/portafolio\/el-super\/\" tabindex=\"-1\"><img decoding=\"async\" width=\"1536\" height=\"1024\" src=\"https:\/\/hkmkt.group\/company\/wp-content\/uploads\/2025\/06\/hk-portada-teasting-elsuper.png\" class=\"attachment-full size-full wp-image-1014\" alt=\"\" srcset=\"https:\/\/hkmkt.group\/company\/wp-content\/uploads\/2025\/06\/hk-portada-teasting-elsuper.png 1536w, https:\/\/hkmkt.group\/company\/wp-content\/uploads\/2025\/06\/hk-portada-teasting-elsuper-300x200.png 300w, https:\/\/hkmkt.group\/company\/wp-content\/uploads\/2025\/06\/hk-portada-teasting-elsuper-1024x683.png 1024w, https:\/\/hkmkt.group\/company\/wp-content\/uploads\/2025\/06\/hk-portada-teasting-elsuper-768x512.png 768w\" sizes=\"(max-width: 1536px) 100vw, 1536px\" \/><\/a><\/figure><div class=\"elementor-image-box-content\"><h3 class=\"elementor-image-box-title\"><a href=\"https:\/\/hkmkt.group\/company\/portafolio\/el-super\/\">El Super: una probadita que convirti\u00f3 curiosos en clientes<\/a><\/h3><p class=\"elementor-image-box-description\"><p>Degustaci\u00f3n estrat\u00e9gica dentro de tiendas El Super, con enfoque directo al consumidor latino.<\/p>\n<\/p><\/div><\/div>\t\t\t\t<\/div>\n\t\t\t\t<\/div>\n\t\t\t\t\t<\/div>\n\t\t\t\t<\/div>\n\t\t\t\t<\/div>\n\t\t\t\t<\/div>\n\t\t<\/div>\n\t\t\t\t\t\t<\/div>\n\t\t\t\t<\/div>\n\t\t\t\t<\/div>\n\t\t\t\t<\/div>\n\t\t\t\t\t<\/div>\n\t\t\t\t<\/div>\n\t\t\t\t<\/div>\n\t\t","protected":false},"excerpt":{"rendered":"<p>Casos de \u00e9xito Esto es lo que hacemos. Cada activaci\u00f3n es m\u00e1s que un trabajo: es un momento que hace avanzar a la marca. En HK MKT Group creamos experiencias que hacen que las marcas sean inolvidables. He aqu\u00ed un vistazo a los trabajos que hemos realizado y a los resultados que hablan por s\u00ed [&hellip;]<\/p>\n","protected":false},"author":1,"featured_media":0,"parent":0,"menu_order":4,"comment_status":"closed","ping_status":"closed","template":"","meta":{"_acf_changed":false,"footnotes":""},"class_list":["post-1016","page","type-page","status-publish","hentry"],"acf":[],"_links":{"self":[{"href":"https:\/\/hkmkt.group\/company\/wp-json\/wp\/v2\/pages\/1016","targetHints":{"allow":["GET"]}}],"collection":[{"href":"https:\/\/hkmkt.group\/company\/wp-json\/wp\/v2\/pages"}],"about":[{"href":"https:\/\/hkmkt.group\/company\/wp-json\/wp\/v2\/types\/page"}],"author":[{"embeddable":true,"href":"https:\/\/hkmkt.group\/company\/wp-json\/wp\/v2\/users\/1"}],"replies":[{"embeddable":true,"href":"https:\/\/hkmkt.group\/company\/wp-json\/wp\/v2\/comments?post=1016"}],"version-history":[{"count":0,"href":"https:\/\/hkmkt.group\/company\/wp-json\/wp\/v2\/pages\/1016\/revisions"}],"wp:attachment":[{"href":"https:\/\/hkmkt.group\/company\/wp-json\/wp\/v2\/media?parent=1016"}],"curies":[{"name":"wp","href":"https:\/\/api.w.org\/{rel}","templated":true}]}}